{"id":4318,"date":"2022-05-04T08:39:31","date_gmt":"2022-05-04T06:39:31","guid":{"rendered":"https:\/\/beo-funpark.mls-test.ch\/hausregeln\/"},"modified":"2023-08-30T14:17:47","modified_gmt":"2023-08-30T12:17:47","slug":"hausregeln","status":"publish","type":"page","link":"https:\/\/beo-funpark.ch\/fr\/hausregeln\/","title":{"rendered":"R\u00e8gles de la maison"},"content":{"rendered":"<p>[et_pb_section fb_built=\u00a0\u00bb1&Prime; admin_label=\u00a0\u00bbSektion\u00a0\u00bb _builder_version=\u00a0\u00bb4.17.4&Prime; _module_preset=\u00a0\u00bbdefault\u00a0\u00bb background_color=\u00a0\u00bbRGBA(255,255,255,0)\u00a0\u00bb custom_margin=\u00a0\u00bb-91px||-17px||false|false\u00a0\u00bb custom_padding=\u00a0\u00bb161px||0px||false|false\u00a0\u00bb top_divider_color=\u00a0\u00bbgcid-3fd8a01a-7143-4a45-9a94-0d1a01b3bc8b\u00a0\u00bb top_divider_height=\u00a0\u00bb127px\u00a0\u00bb top_divider_repeat=\u00a0\u00bb1x\u00a0\u00bb top_divider_arrangement=\u00a0\u00bbabove_content\u00a0\u00bb global_colors_info=\u00a0\u00bb{%22gcid-3fd8a01a-7143-4a45-9a94-0d1a01b3bc8b%22:%91%22top_divider_color%22%93}\u00a0\u00bb][et_pb_row _builder_version=\u00a0\u00bb4.16.1&Prime; _module_preset=\u00a0\u00bbdefault\u00a0\u00bb width=\u00a0\u00bb100%\u00a0\u00bb max_width=\u00a0\u00bb1595px\u00a0\u00bb custom_margin=\u00a0\u00bb0px||0px||false|false\u00a0\u00bb custom_padding=\u00a0\u00bb||0px||false|false\u00a0\u00bb global_colors_info=\u00a0\u00bb{}\u00a0\u00bb][et_pb_column type=\u00a0\u00bb4_4&Prime; _builder_version=\u00a0\u00bb4.16&Prime; _module_preset=\u00a0\u00bbdefault\u00a0\u00bb global_colors_info=\u00a0\u00bb{}\u00a0\u00bb][et_pb_text _builder_version=\u00a0\u00bb4.16.1&Prime; _module_preset=\u00a0\u00bbdefault\u00a0\u00bb header_font=\u00a0\u00bbLuckiest Guy||||||||\u00a0\u00bb header_text_align=\u00a0\u00bbcenter\u00a0\u00bb header_text_color=\u00a0\u00bbgcid-3fd8a01a-7143-4a45-9a94-0d1a01b3bc8b\u00a0\u00bb header_font_size=\u00a0\u00bb4rem\u00a0\u00bb global_colors_info=\u00a0\u00bb{%22gcid-3fd8a01a-7143-4a45-9a94-0d1a01b3bc8b%22:%91%22header_text_color%22%93}\u00a0\u00bb]<\/p>\n<h1>R\u00e8glement du BEO-Funpark (CG)<\/h1>\n<h1><\/h1>\n<p>[\/et_pb_text][\/et_pb_column][\/et_pb_row][et_pb_row _builder_version=\u00a0\u00bb4.16.1&Prime; _module_preset=\u00a0\u00bbdefault\u00a0\u00bb global_colors_info=\u00a0\u00bb{}\u00a0\u00bb][et_pb_column type=\u00a0\u00bb4_4&Prime; _builder_version=\u00a0\u00bb4.16.1&Prime; _module_preset=\u00a0\u00bbdefault\u00a0\u00bb global_colors_info=\u00a0\u00bb{}\u00a0\u00bb][et_pb_text _builder_version=\u00a0\u00bb4.16.1&Prime; _module_preset=\u00a0\u00bbdefault\u00a0\u00bb header_2_font=\u00a0\u00bbPoppins||||||||\u00a0\u00bb header_2_text_color=\u00a0\u00bbgcid-3fd8a01a-7143-4a45-9a94-0d1a01b3bc8b\u00a0\u00bb header_2_font_size=\u00a0\u00bb24px\u00a0\u00bb global_colors_info=\u00a0\u00bb{%22gcid-3fd8a01a-7143-4a45-9a94-0d1a01b3bc8b%22:%91%22header_2_text_color%22%93}\u00a0\u00bb]<\/p>\n<h2>Le r\u00e8glement a \u00e9t\u00e9 con\u00e7u afin d\u2019assurer la s\u00e9curit\u00e9 de tous, de garantir l\u2019entretien des appareils de jeu et de permettre une ambiance d\u00e9contract\u00e9e et un cadre juridique pour l\u2019exploitant et son personnel. Les conditions g\u00e9n\u00e9rales suivantes sont \u00e0 respecter. Veuillez lire ces consignes et les respecter mais \u00e9galement en informer vos enfants et leur faire respecter. Vous \u00eates tenu de respecter les instructions de l\u2019exploitant et de son personnel ! Merci ! Votre \u00e9quipe \u00ab BEO-Funpark \u00bb.<\/h2>\n<p>[\/et_pb_text][\/et_pb_column][\/et_pb_row][et_pb_row column_structure=\u00a0\u00bb1_2,1_2&Prime; _builder_version=\u00a0\u00bb4.16.1&Prime; _module_preset=\u00a0\u00bbdefault\u00a0\u00bb global_colors_info=\u00a0\u00bb{}\u00a0\u00bb][et_pb_column type=\u00a0\u00bb1_2&Prime; _builder_version=\u00a0\u00bb4.16.1&Prime; _module_preset=\u00a0\u00bbdefault\u00a0\u00bb global_colors_info=\u00a0\u00bb{}\u00a0\u00bb][et_pb_text _builder_version=\u00a0\u00bb4.16.1&Prime; _module_preset=\u00a0\u00bbdefault\u00a0\u00bb text_text_color=\u00a0\u00bbgcid-3fd8a01a-7143-4a45-9a94-0d1a01b3bc8b\u00a0\u00bb text_font_size=\u00a0\u00bb20px\u00a0\u00bb header_3_font=\u00a0\u00bbLuckiest Guy||||||||\u00a0\u00bb header_3_text_color=\u00a0\u00bbgcid-3fd8a01a-7143-4a45-9a94-0d1a01b3bc8b\u00a0\u00bb header_3_font_size=\u00a0\u00bb28px\u00a0\u00bb global_colors_info=\u00a0\u00bb{%22gcid-3fd8a01a-7143-4a45-9a94-0d1a01b3bc8b%22:%91%22header_3_text_color%22,%22text_text_color%22%93}\u00a0\u00bb]<\/p>\n<h3>Dispositions g\u00e9n\u00e9rales<\/h3>\n<ul>\n<li>Les prix et les horaires d\u2019ouverture en vigueur sont consultables sur les panneaux d\u2019informations situ\u00e9s \u00e0 la caisse, le site web ainsi que sur nos feuillets informatifs.<\/li>\n<li>Les animaux ne sont pas admis. Les chiens sont autoris\u00e9s dans le restaurant ainsi que sur la terrasse.<\/li>\n<li>Toute installation et \u00e9quipement du parc ne doit \u00eatre utilis\u00e9 que dans le but auquel il est destin\u00e9. Toute utilisation qui sort de ce cadre peut \u00eatre \u00e0 l\u2019origine d\u2019accidents.<\/li>\n<li>Il est permis de filmer ou photographier dans le parc mais uniquement avec l\u2019autorisation de la direction ou du personnel. N\u00e9anmoins, il est interdit de photographier des inconnus sans leur accord. Une autorisation pr\u00e9alable de la soci\u00e9t\u00e9 d\u2019exploitation est requise pour photographier du contenu \u00e0 des fins professionnelles ou pour la presse.<\/li>\n<\/ul>\n<h3>Aucune obligation de surveillance\/prise en charge<\/h3>\n<ul>\n<li> <strong>Les parents ou les adultes accompagnateurs sont tenus de surveiller et de prendre en charge leurs enfants.<\/strong> Les enfants doivent \u00eatre accompagn\u00e9s par un adulte charg\u00e9 de les surveiller, sauf dans le cas o\u00f9 un enfant \u00e2g\u00e9 de huit ans accomplis a re\u00e7u l\u2019autorisation des personnes ayant sa charge et que ces derni\u00e8res ont rempli, sign\u00e9 et remis \u00e0 l\u2019accueil le formulaire de d\u00e9charge de responsabilit\u00e9 (\u00e0 imprimer via notre site).<\/li>\n<li><strong>L\u2019exploitant et le personnel n\u2019est en aucun cas responsable de la prise en charge ou de la surveillance des enfants m\u00eame dans le cas d\u2019un enfant non accompagn\u00e9 avec une d\u00e9charge de responsabilit\u00e9.<\/strong><\/li>\n<li>Ce principe s\u2019applique \u00e9galement lors d\u2019activit\u00e9s sp\u00e9ciales propos\u00e9es aux enfants par l\u2019exploitant ( par ex. du bricolage, etc.).<\/li>\n<li>Une obligation de surveillance et de prise en charge ne s\u2019applique pas, quand bien m\u00eame un membre du personnel charg\u00e9 de la surveillance serait pr\u00e9sent aux alentours d\u2019un appareil de jeu en particulier !<\/li>\n<\/ul>\n<h3>Utilisation des appareils de jeu \u2013 Sauts p\u00e9rilleux interdits ! \/ Ext\u00e9rieur<\/h3>\n<ul>\n<li>Les r\u00e8gles, indications et interdictions sur les panneaux d\u2019informations fix\u00e9s aux appareils de jeu sont \u00e0 respecter ! Les participants doivent faire preuve de respect envers les autres lors de l\u2019utilisation des installations. Les accompagnateurs sont tenus d\u2019informer les enfants de ces r\u00e8gles et de veiller au respect de celles-ci.<\/li>\n<li>Uniquement l\u2019int\u00e9rieur des appareils de jeu gonflables (par ex. Wabbelberg, Schnappi, et le toboggan g\u00e9ant) peut \u00eatre utilis\u00e9. Il est interdit de se relever en se tenant aux bordures, de se lever en sautant ou de se mettre sur les bords!<span> <\/span><strong>Les sauts p\u00e9rilleux peuvent \u00eatre mortels et donc sont strictement interdits ! Les parents peuvent jouer avec les enfants sur les appareils de jeu gonflables mais uniquement avec une prudence absolue pour \u00e9viter tout risque de blessure !<\/strong><\/li>\n<li>Il est interdit de grimper dans les filets (par ex. trampoline, tour d\u2019escalade).<\/li>\n<li><strong>Les trampolines ne doivent \u00eatre utilis\u00e9s que par une personne par tapis de saut pour \u00e9viter tout risque de blessure, les sauts p\u00e9rilleux peuvent \u00eatre mortels et donc sont strictement interdits ! Les sauts p\u00e9rilleux peuvent \u00eatre mortels et donc sont strictement interdits !<\/strong><\/li>\n<li>Il est interdit de sauter plus haut que le filet de protection du trampoline.<\/li>\n<li>Les karts \u00e9lectriques doivent \u00eatre utilis\u00e9s par un maximum de deux enfants ou par un adulte et un enfant en bas \u00e2ge.<\/li>\n<li>Il est formellement interdit de courir sur la piste, d\u2019utiliser les karts comme des \u00ab voitures de boxe \u00bb et de pousser les karts lorsque le moteur est en marche. Tout v\u00e9hicule ne peut \u00eatre conduit que dans une seule direction.<\/li>\n<li>L\u2019espace pour les enfants, qui se trouve au rez-de-chauss\u00e9e et \u00e0 l\u2019\u00e9tage sup\u00e9rieur, est r\u00e9serv\u00e9 aux enfants en bas \u00e2ge. Les enfants de plus de 5 ans, qui ont un comportement inappropri\u00e9, peuvent \u00eatre expuls\u00e9s de cette zone, par l\u2019exploitant, le personnel voire par les m\u00e8res des autres enfants.<\/li>\n<li>Ext\u00e9rieur : Il est strictement interdit d\u2019escalader la cl\u00f4ture!<\/li>\n<li>Pour sortir \u00e0 l\u2019ext\u00e9rieur, veuillez utiliser les portes pr\u00e9vues \u00e0 cet effet, les sorties de secours ne sont \u00e0 utiliser qu\u2019en cas d\u2019urgence !<\/li>\n<li>Pour la s\u00e9curit\u00e9 de tous, il est interdit d\u2019utiliser ses propres jouets sur l\u2019aire de jeu. Il est surtout formellement interdit d\u2019apporter des objets durs, instables ou pointus dans l\u2019aire de jeu (cela s\u2019applique \u00e9galement par ex. pour les nouveaux cadeaux d\u2019anniversaire).<\/li>\n<li><strong>La consommation de nourriture ou de boissons dans l\u2019aire de jeu est strictement interdite et peut mener \u00e0 une expulsion du BEO-Funpark !<\/strong><\/li>\n<\/ul>\n<p>[\/et_pb_text][\/et_pb_column][et_pb_column type=\u00a0\u00bb1_2&Prime; _builder_version=\u00a0\u00bb4.16.1&Prime; _module_preset=\u00a0\u00bbdefault\u00a0\u00bb global_colors_info=\u00a0\u00bb{}\u00a0\u00bb][et_pb_text _builder_version=\u00a0\u00bb4.16.1&Prime; _module_preset=\u00a0\u00bbdefault\u00a0\u00bb text_text_color=\u00a0\u00bbgcid-3fd8a01a-7143-4a45-9a94-0d1a01b3bc8b\u00a0\u00bb text_font_size=\u00a0\u00bb20px\u00a0\u00bb header_3_font=\u00a0\u00bbLuckiest Guy||||||||\u00a0\u00bb header_3_text_color=\u00a0\u00bbgcid-3fd8a01a-7143-4a45-9a94-0d1a01b3bc8b\u00a0\u00bb header_3_font_size=\u00a0\u00bb28px\u00a0\u00bb global_colors_info=\u00a0\u00bb{%22gcid-3fd8a01a-7143-4a45-9a94-0d1a01b3bc8b%22:%91%22header_3_text_color%22,%22text_text_color%22,%22header_3_text_color%22,%22text_text_color%22%93}\u00a0\u00bb]<\/p>\n<h3>D\u00e9claration d\u2019accident<\/h3>\n<ul>\n<li>Important en cas de blessures! Les dommages corporels ou mat\u00e9riels de quelque nature doivent \u00eatre signal\u00e9s imm\u00e9diatement \u00e0 la caisse de l\u2019entr\u00e9e ou au comptoir et doivent \u00eatre enregistr\u00e9s par \u00e9crit.<\/li>\n<\/ul>\n<div class=\"fusion-text fusion-text-6\">\n<h3>Tenue vestimentaire<\/h3>\n<ul>\n<li>Pour des raisons d\u2019hygi\u00e8ne, il est recommand\u00e9 de porter des chaussettes, de pr\u00e9f\u00e9rence antid\u00e9rapantes ou des chaussons de gymnastique.<\/li>\n<li>Des chaussettes sont en vente \u00e0 la caisse pour un prix correct.<\/li>\n<li>Il est conseill\u00e9 aux enfants et aux adultes qui participent au jeu de porter des v\u00eatements confortables. Veuillez \u00e9viter d\u2019utiliser des fermetures \u00e9clair ou des boutons pour ne pas endommager les b\u00e2ches des appareils de jeu.<\/li>\n<li>Veuillez enlever pendentifs, colliers ou encore boucles d\u2019oreille pendantes et ne pas porter de v\u00eatements avec des cordons ou des rubans ! Attention, tr\u00e8s dangereux !<\/li>\n<\/ul>\n<\/div>\n<h3>Nourriture et boissons \/ Fumer \/ Alcool<\/h3>\n<ul>\n<li>Notre restaurant offre un large choix de plats et de boissons. Les prix sont tr\u00e8s raisonnables, n\u00e9anmoins, il est autoris\u00e9 d\u2019apporter ses propres boissons et nourriture.<span> <\/span>Les plats cuisin\u00e9s, les boissons chaudes et alcoolis\u00e9es sont interdits.<\/li>\n<li><strong>Les chewing-gums sont interdits sur l\u2019enti\u00e8ret\u00e9 de l\u2019aire de jeu !<\/strong><\/li>\n<li>Merci de manger et boire uniquement dans le restaurant !<span> <\/span><strong>Il est strictement interdit d\u2019apporter du verre ou de la porcelaine au Funpark !<\/strong><\/li>\n<li>Il est formellement interdit de fumer dans les toilettes et le hall (cigarettes \u00e9lectroniques \u00e9galement), cela est uniquement permis dans les zones pr\u00e9vues \u00e0 cet effet.<\/li>\n<li>Le non-respect de cette r\u00e8gle peut entra\u00eener le d\u00e9clenchement inutile des alarmes. Les co\u00fbts sont \u00e0 la charge de la personne responsable.<\/li>\n<li>Chers visiteurs, veuillez consommer de l\u2019alcool uniquement au restaurant et dans des limites raisonnables.<\/li>\n<li>Les visiteurs en \u00e9tat d\u2019ivresse manifeste seront expuls\u00e9s du parc.<\/li>\n<\/ul>\n<h3>Comportement\/ D\u00e9g\u00e2ts<\/h3>\n<ul>\n<li> Tout mauvais comportement sera puni, il est interdit de griffer, mordre, frapper d\u2019autres enfants. Les parents en charge de l\u2019enfant seront pri\u00e9s de faire cesser ce type de comportement.<\/li>\n<li>L\u2019exploitant et son personnel est express\u00e9ment en droit, de r\u00e9primander un individu si n\u00e9cessaire et en cas de r\u00e9cidive d\u2019interdire l\u2019acc\u00e8s au jeu ou de l\u2019exclure du parc.<\/li>\n<li>Dans les cas les plus graves, l\u2019exploitant se r\u00e9serve le droit de refuser l\u2019acc\u00e8s au parc \u00e0 certaines personnes.<\/li>\n<li>Les parents en charge de l\u2019enfant sont tenus de l\u2019emp\u00eacher d\u2019endommager les \u00e9quipements volontairement.<\/li>\n<\/ul>\n<h3>Limite de capacit\u00e9\/ Vestiaire\/ Objets trouv\u00e9s<\/h3>\n<ul>\n<li>Si toutes les places assisses sont occup\u00e9es, l\u2019exploitant se r\u00e9serve le droit de limiter les entr\u00e9es. Cela se justifie pour des raisons de s\u00e9curit\u00e9 incendie. Il faut donc compter un temps d\u2019attente.<\/li>\n<li>Le paiement du ticket d\u2019entr\u00e9e ne garantit pas une place assisse. Si cela se produit, nous essayerons de vous pr\u00e9venir avant le paiement des tickets.<\/li>\n<li>Les casiers des vestiaires peuvent \u00eatre ferm\u00e9s \u00e0 l\u2019aide d\u2019un cadenas (d\u00e9p\u00f4t de Fr. 5,00). En cas de perte des clefs, un d\u00e9p\u00f4t de Fr. 5,00 sera r\u00e9clam\u00e9 pour le remplacement. L\u2019exploitant, dans ce cas BEO-Funpark GmbH, d\u00e9cline toute responsabilit\u00e9 en cas de perte d\u2019objet dans l\u2019enti\u00e8ret\u00e9 du parc et du vestiaire.<\/li>\n<li>Les objets trouv\u00e9s sont conserv\u00e9s \u00e0 la caisse, et au cas o\u00f9 personne ne les r\u00e9clame, ils seront d\u00e9pos\u00e9s au bureau des objets trouv\u00e9s local conform\u00e9ment aux dispositions l\u00e9gales.<\/li>\n<\/ul>\n<h3>Interdiction d\u2019acc\u00e8s au parc<\/h3>\n<ul>\n<li>Tout adulte non-accompagn\u00e9 d\u2019enfants (sauf si un membre de la famille arrive plus tard).<\/li>\n<li>Toute personne qui a \u00e9t\u00e9 interdit d\u2019entrer.<\/li>\n<li>Toute personne douteuse (par ex. en \u00e9tat d\u2019\u00e9bri\u00e9t\u00e9).<\/li>\n<li>Animaux de compagnie<\/li>\n<li>Tout visiteur avec une maladie contagieuse ou une plaie ouverte.<\/li>\n<\/ul>\n<p>[\/et_pb_text][\/et_pb_column][\/et_pb_row][et_pb_row column_structure=\u00a0\u00bb1_2,1_2&Prime; _builder_version=\u00a0\u00bb4.16.1&Prime; _module_preset=\u00a0\u00bbdefault\u00a0\u00bb global_colors_info=\u00a0\u00bb{}\u00a0\u00bb][et_pb_column type=\u00a0\u00bb1_2&Prime; _builder_version=\u00a0\u00bb4.16.1&Prime; _module_preset=\u00a0\u00bbdefault\u00a0\u00bb global_colors_info=\u00a0\u00bb{}\u00a0\u00bb][\/et_pb_column][et_pb_column type=\u00a0\u00bb1_2&Prime; _builder_version=\u00a0\u00bb4.16.1&Prime; _module_preset=\u00a0\u00bbdefault\u00a0\u00bb global_colors_info=\u00a0\u00bb{}\u00a0\u00bb][\/et_pb_column][\/et_pb_row][\/et_pb_section][et_pb_section fb_built=\u00a0\u00bb1&Prime; disabled_on=\u00a0\u00bboff|off|on\u00a0\u00bb admin_label=\u00a0\u00bbSektion BG Mobile\u00a0\u00bb _builder_version=\u00a0\u00bb4.18.0&Prime; _module_preset=\u00a0\u00bbdefault\u00a0\u00bb z_index=\u00a0\u00bb-1&Prime; custom_margin=\u00a0\u00bb||-196px||false|false\u00a0\u00bb custom_padding=\u00a0\u00bb0px|0px|0px|0px|false|false\u00a0\u00bb global_module=\u00a0\u00bb2492&Prime; saved_tabs=\u00a0\u00bball\u00a0\u00bb locked=\u00a0\u00bboff\u00a0\u00bb global_colors_info=\u00a0\u00bb{}\u00a0\u00bb][et_pb_row make_equal=\u00a0\u00bbon\u00a0\u00bb disabled_on=\u00a0\u00bboff|off|on\u00a0\u00bb _builder_version=\u00a0\u00bb4.18.0&Prime; _module_preset=\u00a0\u00bbdefault\u00a0\u00bb width=\u00a0\u00bb87%\u00a0\u00bb max_width=\u00a0\u00bb2560px\u00a0\u00bb module_alignment=\u00a0\u00bbcenter\u00a0\u00bb custom_margin=\u00a0\u00bb-75px|auto|-7px|0px|false|false\u00a0\u00bb custom_padding=\u00a0\u00bb64px||138px|0px|false|false\u00a0\u00bb locked=\u00a0\u00bboff\u00a0\u00bb global_colors_info=\u00a0\u00bb{}\u00a0\u00bb][et_pb_column type=\u00a0\u00bb4_4&Prime; _builder_version=\u00a0\u00bb4.18.0&Prime; _module_preset=\u00a0\u00bbdefault\u00a0\u00bb background_color=\u00a0\u00bbRGBA(255,255,255,0)\u00a0\u00bb custom_css_main_element=\u00a0\u00bbborder-radius: 80px;||margin: auto;\u00a0\u00bb border_color_all=\u00a0\u00bbRGBA(255,255,255,0)\u00a0\u00bb global_colors_info=\u00a0\u00bb{}\u00a0\u00bb][et_pb_code _builder_version=\u00a0\u00bb4.18.0&Prime; _module_preset=\u00a0\u00bbdefault\u00a0\u00bb global_colors_info=\u00a0\u00bb{}\u00a0\u00bb]<\/p>\n<ul class=\"scene\"><!-- [et_pb_line_break_holder] --> \t<\/p>\n<li style=\"list-style-type: none;\"><!-- [et_pb_line_break_holder] -->\n<ul class=\"scene\"><!-- [et_pb_line_break_holder] --><!-- [et_pb_line_break_holder] --> \t<\/p>\n<li><img decoding=\"async\" class=\"bgimg\" src=\"https:\/\/beo-funpark.ch\/wp-content\/uploads\/2022\/07\/HIntergrundMobile.png\"><\/li>\n<p><!-- [et_pb_line_break_holder] --><\/ul>\n<p><!-- [et_pb_line_break_holder] --><\/li>\n<p><!-- [et_pb_line_break_holder] --><\/ul>\n<p><!-- [et_pb_line_break_holder] --><!-- [et_pb_line_break_holder] --><!-- [et_pb_line_break_holder] -->[\/et_pb_code][\/et_pb_column][\/et_pb_row][\/et_pb_section]<\/p>\n","protected":false},"excerpt":{"rendered":"<p>R\u00e8glement du BEO-Funpark (CG) Le r\u00e8glement a \u00e9t\u00e9 con\u00e7u afin d\u2019assurer la s\u00e9curit\u00e9 de tous, de garantir l\u2019entretien des appareils de jeu et de permettre une ambiance d\u00e9contract\u00e9e et un cadre juridique pour l\u2019exploitant et son personnel. Les conditions g\u00e9n\u00e9rales suivantes sont \u00e0 respecter. Veuillez lire ces consignes et les [&hellip;]<\/p>\n","protected":false},"author":1,"featured_media":0,"parent":0,"menu_order":0,"comment_status":"closed","ping_status":"closed","template":"","meta":{"_et_pb_use_builder":"on","_et_pb_old_content":"","_et_gb_content_width":"","footnotes":""},"class_list":["post-4318","page","type-page","status-publish","hentry"],"yoast_head":"<!-- This site is optimized with the Yoast SEO plugin v27.4 - https:\/\/yoast.com\/product\/yoast-seo-wordpress\/ -->\n<title>R\u00e8gles de la maison - BEO-Funpark<\/title>\n<meta name=\"description\" content=\"Les r\u00e8gles du BEO-Funpark visent avant tout \u00e0 assurer la s\u00e9curit\u00e9 des personnes qui jouent, ainsi qu&#039;\u00e0 pr\u00e9server les \u00e9quipements de jeu et la convivialit\u00e9.\" \/>\n<meta name=\"robots\" content=\"index, follow, max-snippet:-1, max-image-preview:large, max-video-preview:-1\" \/>\n<link rel=\"canonical\" href=\"https:\/\/beo-funpark.ch\/fr\/hausregeln\/\" \/>\n<meta property=\"og:locale\" content=\"fr_FR\" \/>\n<meta property=\"og:type\" content=\"article\" \/>\n<meta property=\"og:title\" content=\"R\u00e8gles de la maison - BEO-Funpark\" \/>\n<meta property=\"og:description\" content=\"Les r\u00e8gles du BEO-Funpark visent avant tout \u00e0 assurer la s\u00e9curit\u00e9 des personnes qui jouent, ainsi qu&#039;\u00e0 pr\u00e9server les \u00e9quipements de jeu et la convivialit\u00e9.\" \/>\n<meta property=\"og:url\" content=\"https:\/\/beo-funpark.ch\/fr\/hausregeln\/\" \/>\n<meta property=\"og:site_name\" content=\"BEO-Funpark\" \/>\n<meta property=\"article:modified_time\" content=\"2023-08-30T12:17:47+00:00\" \/>\n<meta property=\"og:image\" content=\"https:\/\/beo-funpark.ch\/wp-content\/uploads\/2022\/07\/HIntergrundMobile.png\" \/>\n<meta name=\"twitter:card\" content=\"summary_large_image\" \/>\n<meta name=\"twitter:label1\" content=\"Dur\u00e9e de lecture estim\u00e9e\" \/>\n\t<meta name=\"twitter:data1\" content=\"11 minutes\" \/>\n<script type=\"application\/ld+json\" class=\"yoast-schema-graph\">{\"@context\":\"https:\\\/\\\/schema.org\",\"@graph\":[{\"@type\":\"WebPage\",\"@id\":\"https:\\\/\\\/beo-funpark.ch\\\/fr\\\/hausregeln\\\/\",\"url\":\"https:\\\/\\\/beo-funpark.ch\\\/fr\\\/hausregeln\\\/\",\"name\":\"R\u00e8gles de la maison - BEO-Funpark\",\"isPartOf\":{\"@id\":\"https:\\\/\\\/beo-funpark.ch\\\/fr\\\/#website\"},\"primaryImageOfPage\":{\"@id\":\"https:\\\/\\\/beo-funpark.ch\\\/fr\\\/hausregeln\\\/#primaryimage\"},\"image\":{\"@id\":\"https:\\\/\\\/beo-funpark.ch\\\/fr\\\/hausregeln\\\/#primaryimage\"},\"thumbnailUrl\":\"https:\\\/\\\/beo-funpark.ch\\\/wp-content\\\/uploads\\\/2022\\\/07\\\/HIntergrundMobile.png\",\"datePublished\":\"2022-05-04T06:39:31+00:00\",\"dateModified\":\"2023-08-30T12:17:47+00:00\",\"description\":\"Les r\u00e8gles du BEO-Funpark visent avant tout \u00e0 assurer la s\u00e9curit\u00e9 des personnes qui jouent, ainsi qu'\u00e0 pr\u00e9server les \u00e9quipements de jeu et la convivialit\u00e9.\",\"breadcrumb\":{\"@id\":\"https:\\\/\\\/beo-funpark.ch\\\/fr\\\/hausregeln\\\/#breadcrumb\"},\"inLanguage\":\"fr-FR\",\"potentialAction\":[{\"@type\":\"ReadAction\",\"target\":[\"https:\\\/\\\/beo-funpark.ch\\\/fr\\\/hausregeln\\\/\"]}]},{\"@type\":\"ImageObject\",\"inLanguage\":\"fr-FR\",\"@id\":\"https:\\\/\\\/beo-funpark.ch\\\/fr\\\/hausregeln\\\/#primaryimage\",\"url\":\"https:\\\/\\\/beo-funpark.ch\\\/wp-content\\\/uploads\\\/2022\\\/07\\\/HIntergrundMobile.png\",\"contentUrl\":\"https:\\\/\\\/beo-funpark.ch\\\/wp-content\\\/uploads\\\/2022\\\/07\\\/HIntergrundMobile.png\"},{\"@type\":\"BreadcrumbList\",\"@id\":\"https:\\\/\\\/beo-funpark.ch\\\/fr\\\/hausregeln\\\/#breadcrumb\",\"itemListElement\":[{\"@type\":\"ListItem\",\"position\":1,\"name\":\"Startseite\",\"item\":\"https:\\\/\\\/beo-funpark.ch\\\/fr\\\/\"},{\"@type\":\"ListItem\",\"position\":2,\"name\":\"R\u00e8gles de la maison\"}]},{\"@type\":\"WebSite\",\"@id\":\"https:\\\/\\\/beo-funpark.ch\\\/fr\\\/#website\",\"url\":\"https:\\\/\\\/beo-funpark.ch\\\/fr\\\/\",\"name\":\"BEO-Funpark\",\"description\":\"Spass f\u00fcr die ganze Familie\",\"potentialAction\":[{\"@type\":\"SearchAction\",\"target\":{\"@type\":\"EntryPoint\",\"urlTemplate\":\"https:\\\/\\\/beo-funpark.ch\\\/fr\\\/?s={search_term_string}\"},\"query-input\":{\"@type\":\"PropertyValueSpecification\",\"valueRequired\":true,\"valueName\":\"search_term_string\"}}],\"inLanguage\":\"fr-FR\"}]}<\/script>\n<!-- \/ Yoast SEO plugin. -->","yoast_head_json":{"title":"R\u00e8gles de la maison - BEO-Funpark","description":"Les r\u00e8gles du BEO-Funpark visent avant tout \u00e0 assurer la s\u00e9curit\u00e9 des personnes qui jouent, ainsi qu'\u00e0 pr\u00e9server les \u00e9quipements de jeu et la convivialit\u00e9.","robots":{"index":"index","follow":"follow","max-snippet":"max-snippet:-1","max-image-preview":"max-image-preview:large","max-video-preview":"max-video-preview:-1"},"canonical":"https:\/\/beo-funpark.ch\/fr\/hausregeln\/","og_locale":"fr_FR","og_type":"article","og_title":"R\u00e8gles de la maison - BEO-Funpark","og_description":"Les r\u00e8gles du BEO-Funpark visent avant tout \u00e0 assurer la s\u00e9curit\u00e9 des personnes qui jouent, ainsi qu'\u00e0 pr\u00e9server les \u00e9quipements de jeu et la convivialit\u00e9.","og_url":"https:\/\/beo-funpark.ch\/fr\/hausregeln\/","og_site_name":"BEO-Funpark","article_modified_time":"2023-08-30T12:17:47+00:00","og_image":[{"url":"https:\/\/beo-funpark.ch\/wp-content\/uploads\/2022\/07\/HIntergrundMobile.png","type":"","width":"","height":""}],"twitter_card":"summary_large_image","twitter_misc":{"Dur\u00e9e de lecture estim\u00e9e":"11 minutes"},"schema":{"@context":"https:\/\/schema.org","@graph":[{"@type":"WebPage","@id":"https:\/\/beo-funpark.ch\/fr\/hausregeln\/","url":"https:\/\/beo-funpark.ch\/fr\/hausregeln\/","name":"R\u00e8gles de la maison - BEO-Funpark","isPartOf":{"@id":"https:\/\/beo-funpark.ch\/fr\/#website"},"primaryImageOfPage":{"@id":"https:\/\/beo-funpark.ch\/fr\/hausregeln\/#primaryimage"},"image":{"@id":"https:\/\/beo-funpark.ch\/fr\/hausregeln\/#primaryimage"},"thumbnailUrl":"https:\/\/beo-funpark.ch\/wp-content\/uploads\/2022\/07\/HIntergrundMobile.png","datePublished":"2022-05-04T06:39:31+00:00","dateModified":"2023-08-30T12:17:47+00:00","description":"Les r\u00e8gles du BEO-Funpark visent avant tout \u00e0 assurer la s\u00e9curit\u00e9 des personnes qui jouent, ainsi qu'\u00e0 pr\u00e9server les \u00e9quipements de jeu et la convivialit\u00e9.","breadcrumb":{"@id":"https:\/\/beo-funpark.ch\/fr\/hausregeln\/#breadcrumb"},"inLanguage":"fr-FR","potentialAction":[{"@type":"ReadAction","target":["https:\/\/beo-funpark.ch\/fr\/hausregeln\/"]}]},{"@type":"ImageObject","inLanguage":"fr-FR","@id":"https:\/\/beo-funpark.ch\/fr\/hausregeln\/#primaryimage","url":"https:\/\/beo-funpark.ch\/wp-content\/uploads\/2022\/07\/HIntergrundMobile.png","contentUrl":"https:\/\/beo-funpark.ch\/wp-content\/uploads\/2022\/07\/HIntergrundMobile.png"},{"@type":"BreadcrumbList","@id":"https:\/\/beo-funpark.ch\/fr\/hausregeln\/#breadcrumb","itemListElement":[{"@type":"ListItem","position":1,"name":"Startseite","item":"https:\/\/beo-funpark.ch\/fr\/"},{"@type":"ListItem","position":2,"name":"R\u00e8gles de la maison"}]},{"@type":"WebSite","@id":"https:\/\/beo-funpark.ch\/fr\/#website","url":"https:\/\/beo-funpark.ch\/fr\/","name":"BEO-Funpark","description":"Spass f\u00fcr die ganze Familie","potentialAction":[{"@type":"SearchAction","target":{"@type":"EntryPoint","urlTemplate":"https:\/\/beo-funpark.ch\/fr\/?s={search_term_string}"},"query-input":{"@type":"PropertyValueSpecification","valueRequired":true,"valueName":"search_term_string"}}],"inLanguage":"fr-FR"}]}},"_links":{"self":[{"href":"https:\/\/beo-funpark.ch\/fr\/wp-json\/wp\/v2\/pages\/4318","targetHints":{"allow":["GET"]}}],"collection":[{"href":"https:\/\/beo-funpark.ch\/fr\/wp-json\/wp\/v2\/pages"}],"about":[{"href":"https:\/\/beo-funpark.ch\/fr\/wp-json\/wp\/v2\/types\/page"}],"author":[{"embeddable":true,"href":"https:\/\/beo-funpark.ch\/fr\/wp-json\/wp\/v2\/users\/1"}],"replies":[{"embeddable":true,"href":"https:\/\/beo-funpark.ch\/fr\/wp-json\/wp\/v2\/comments?post=4318"}],"version-history":[{"count":3,"href":"https:\/\/beo-funpark.ch\/fr\/wp-json\/wp\/v2\/pages\/4318\/revisions"}],"predecessor-version":[{"id":7294,"href":"https:\/\/beo-funpark.ch\/fr\/wp-json\/wp\/v2\/pages\/4318\/revisions\/7294"}],"wp:attachment":[{"href":"https:\/\/beo-funpark.ch\/fr\/wp-json\/wp\/v2\/media?parent=4318"}],"curies":[{"name":"wp","href":"https:\/\/api.w.org\/{rel}","templated":true}]}}