{"id":4408,"date":"2022-02-23T08:39:56","date_gmt":"2022-02-23T06:39:56","guid":{"rendered":"https:\/\/beo-funpark.mls-test.ch\/spenden\/"},"modified":"2023-08-30T15:40:01","modified_gmt":"2023-08-30T13:40:01","slug":"spenden","status":"publish","type":"page","link":"https:\/\/beo-funpark.ch\/fr\/spenden\/","title":{"rendered":"Dons"},"content":{"rendered":"<p>[et_pb_section fb_built=\u00a0\u00bb1&Prime; admin_label=\u00a0\u00bbSektion\u00a0\u00bb _builder_version=\u00a0\u00bb4.17.4&Prime; _module_preset=\u00a0\u00bbdefault\u00a0\u00bb background_color=\u00a0\u00bbRGBA(255,255,255,0)\u00a0\u00bb custom_margin=\u00a0\u00bb0px||50px||false|false\u00a0\u00bb custom_padding=\u00a0\u00bb80px||||false|false\u00a0\u00bb top_divider_style=\u00a0\u00bbwaves\u00a0\u00bb top_divider_color=\u00a0\u00bbgcid-3fd8a01a-7143-4a45-9a94-0d1a01b3bc8b\u00a0\u00bb top_divider_height=\u00a0\u00bb75px\u00a0\u00bb top_divider_repeat=\u00a0\u00bb1x\u00a0\u00bb top_divider_arrangement=\u00a0\u00bbabove_content\u00a0\u00bb global_colors_info=\u00a0\u00bb{%22gcid-3fd8a01a-7143-4a45-9a94-0d1a01b3bc8b%22:%91%22top_divider_color%22%93}\u00a0\u00bb][et_pb_row _builder_version=\u00a0\u00bb4.17.4&Prime; _module_preset=\u00a0\u00bbdefault\u00a0\u00bb width=\u00a0\u00bb100%\u00a0\u00bb max_width=\u00a0\u00bb1595px\u00a0\u00bb custom_margin=\u00a0\u00bb28px||||false|false\u00a0\u00bb custom_padding=\u00a0\u00bb||0px||false|false\u00a0\u00bb global_colors_info=\u00a0\u00bb{}\u00a0\u00bb][et_pb_column type=\u00a0\u00bb4_4&Prime; _builder_version=\u00a0\u00bb4.16&Prime; _module_preset=\u00a0\u00bbdefault\u00a0\u00bb global_colors_info=\u00a0\u00bb{}\u00a0\u00bb][dsm_animated_gradient_text animated_gradient_text=\u00a0\u00bbSoutien \/ Dons\u00a0\u00bb heading_html_tag=\u00a0\u00bbh1&Prime; gradient_one_color=\u00a0\u00bbgcid-3fd8a01a-7143-4a45-9a94-0d1a01b3bc8b\u00a0\u00bb gradient_two_color=\u00a0\u00bb#6da5c2&Prime; gradient_three_color=\u00a0\u00bbgcid-3fd8a01a-7143-4a45-9a94-0d1a01b3bc8b\u00a0\u00bb gradient_four_color=\u00a0\u00bb#6da5c2&Prime; _builder_version=\u00a0\u00bb4.18.0&Prime; _module_preset=\u00a0\u00bbdefault\u00a0\u00bb header_font=\u00a0\u00bbLuckiest Guy||||||||\u00a0\u00bb header_text_align=\u00a0\u00bbcenter\u00a0\u00bb header_font_size=\u00a0\u00bb75px\u00a0\u00bb custom_margin=\u00a0\u00bb||-80px||false|false\u00a0\u00bb header_font_size_tablet=\u00a0\u00bb60px\u00a0\u00bb header_font_size_phone=\u00a0\u00bb40px\u00a0\u00bb header_font_size_last_edited=\u00a0\u00bbon|phone\u00a0\u00bb global_colors_info=\u00a0\u00bb{%22gcid-3fd8a01a-7143-4a45-9a94-0d1a01b3bc8b%22:%91%22gradient_one_color%22,%22gradient_three_color%22%93}\u00a0\u00bb][\/dsm_animated_gradient_text][\/et_pb_column][\/et_pb_row][et_pb_row column_structure=\u00a0\u00bb1_2,1_2&Prime; make_equal=\u00a0\u00bbon\u00a0\u00bb _builder_version=\u00a0\u00bb4.17.4&Prime; _module_preset=\u00a0\u00bbdefault\u00a0\u00bb custom_margin=\u00a0\u00bb120px|auto|0px|auto|false|false\u00a0\u00bb custom_padding=\u00a0\u00bb0px||0px||false|false\u00a0\u00bb global_colors_info=\u00a0\u00bb{}\u00a0\u00bb][et_pb_column type=\u00a0\u00bb1_2&Prime; _builder_version=\u00a0\u00bb4.16.1&Prime; _module_preset=\u00a0\u00bbdefault\u00a0\u00bb background_color=\u00a0\u00bbgcid-99b5ded0-136a-4b60-9637-e7c0f9353ce1&Prime; custom_css_main_element=\u00a0\u00bbborder-radius: 80px;||margin: auto;\u00a0\u00bb border_color_all=\u00a0\u00bbRGBA(255,255,255,0)\u00a0\u00bb global_colors_info=\u00a0\u00bb{%22gcid-99b5ded0-136a-4b60-9637-e7c0f9353ce1%22:%91%22background_color%22%93}\u00a0\u00bb][et_pb_text _builder_version=\u00a0\u00bb4.17.4&Prime; _module_preset=\u00a0\u00bbdefault\u00a0\u00bb text_text_color=\u00a0\u00bb#FFFFFF\u00a0\u00bb link_text_color=\u00a0\u00bbgcid-4eb09ba6-d265-4159-be14-e9fdc71a5be3&Prime; header_2_font=\u00a0\u00bbPoppins|700|||||||\u00a0\u00bb header_2_text_color=\u00a0\u00bbgcid-4eb09ba6-d265-4159-be14-e9fdc71a5be3&Prime; header_2_font_size=\u00a0\u00bb22px\u00a0\u00bb custom_padding=\u00a0\u00bb35px|35px|35px|35px|false|true\u00a0\u00bb custom_css_main_element=\u00a0\u00bbborder:none;\u00a0\u00bb global_colors_info=\u00a0\u00bb{%22gcid-4eb09ba6-d265-4159-be14-e9fdc71a5be3%22:%91%22header_2_text_color%22,%22link_text_color%22%93}\u00a0\u00bb]<\/p>\n<h2>Nous soutenons les enfants<\/h2>\n<p>&nbsp;<\/p>\n<p>Ce qui nous tient \u00e0 c\u0153ur pour la r\u00e9alisation du BEO-Funpark, c&rsquo;est qu&rsquo;il ne soit pas seulement am\u00e9nag\u00e9 avec amour, de mani\u00e8re ludique et unique, mais qu&rsquo;il soit \u00e9galement encadr\u00e9 et g\u00e9r\u00e9 avec beaucoup de c\u0153ur.<br \/>Notre objectif est de reverser une partie de chaque entr\u00e9e payante aux diff\u00e9rentes institutions pour enfants malades et handicap\u00e9s.<\/p>\n<p>[\/et_pb_text][\/et_pb_column][et_pb_column type=\u00a0\u00bb1_2&Prime; _builder_version=\u00a0\u00bb4.16.1&Prime; _module_preset=\u00a0\u00bbdefault\u00a0\u00bb background_color=\u00a0\u00bbRGBA(255,255,255,0)\u00a0\u00bb custom_css_main_element=\u00a0\u00bbborder-radius: 80px;\u00a0\u00bb border_color_all=\u00a0\u00bbRGBA(255,255,255,0)\u00a0\u00bb global_colors_info=\u00a0\u00bb{%22gcid-99b5ded0-136a-4b60-9637-e7c0f9353ce1%22:%91%22background_color%22%93}\u00a0\u00bb][et_pb_image src=\u00a0\u00bbhttps:\/\/beo-funpark.ch\/wp-content\/uploads\/2022\/02\/cropped-Logo-gross-.png\u00a0\u00bb title_text=\u00a0\u00bbcropped-Logo-gross-.png\u00a0\u00bb _builder_version=\u00a0\u00bb4.18.0&Prime; _module_preset=\u00a0\u00bbdefault\u00a0\u00bb module_alignment=\u00a0\u00bbcenter\u00a0\u00bb min_height=\u00a0\u00bb100px\u00a0\u00bb custom_margin=\u00a0\u00bb|-24px||-57px|false|false\u00a0\u00bb global_colors_info=\u00a0\u00bb{}\u00a0\u00bb][\/et_pb_image][\/et_pb_column][\/et_pb_row][et_pb_row column_structure=\u00a0\u00bb1_2,1_2&Prime; make_equal=\u00a0\u00bbon\u00a0\u00bb _builder_version=\u00a0\u00bb4.17.4&Prime; _module_preset=\u00a0\u00bbdefault\u00a0\u00bb custom_padding=\u00a0\u00bb||0px||false|false\u00a0\u00bb global_colors_info=\u00a0\u00bb{}\u00a0\u00bb][et_pb_column type=\u00a0\u00bb1_2&Prime; _builder_version=\u00a0\u00bb4.16.1&Prime; _module_preset=\u00a0\u00bbdefault\u00a0\u00bb background_color=\u00a0\u00bbRGBA(255,255,255,0)\u00a0\u00bb custom_css_main_element=\u00a0\u00bbborder-radius: 80px;\u00a0\u00bb border_color_all=\u00a0\u00bbRGBA(255,255,255,0)\u00a0\u00bb global_colors_info=\u00a0\u00bb{%22gcid-99b5ded0-136a-4b60-9637-e7c0f9353ce1%22:%91%22background_color%22%93}\u00a0\u00bb][et_pb_image src=\u00a0\u00bbhttps:\/\/beo-funpark.ch\/wp-content\/uploads\/2022\/06\/Kinderkrebshilfe.jpg\u00a0\u00bb title_text=\u00a0\u00bbAide aux enfants atteints de cancer\u00a0\u00bb show_bottom_space=\u00a0\u00bboff\u00a0\u00bb _builder_version=\u00a0\u00bb4.17.4&Prime; _module_preset=\u00a0\u00bbdefault\u00a0\u00bb width=\u00a0\u00bb95%\u00a0\u00bb module_alignment=\u00a0\u00bbcenter\u00a0\u00bb border_radii=\u00a0\u00bbon|75px|75px|75px|75px\u00a0\u00bb global_colors_info=\u00a0\u00bb{}\u00a0\u00bb][\/et_pb_image][\/et_pb_column][et_pb_column type=\u00a0\u00bb1_2&Prime; _builder_version=\u00a0\u00bb4.16.1&Prime; _module_preset=\u00a0\u00bbdefault\u00a0\u00bb background_color=\u00a0\u00bbgcid-99b5ded0-136a-4b60-9637-e7c0f9353ce1&Prime; custom_css_main_element=\u00a0\u00bbborder-radius: 80px;||margin: auto;\u00a0\u00bb border_color_all=\u00a0\u00bbRGBA(255,255,255,0)\u00a0\u00bb global_colors_info=\u00a0\u00bb{%22gcid-99b5ded0-136a-4b60-9637-e7c0f9353ce1%22:%91%22background_color%22%93}\u00a0\u00bb][et_pb_text _builder_version=\u00a0\u00bb4.17.4&Prime; _module_preset=\u00a0\u00bbdefault\u00a0\u00bb text_text_color=\u00a0\u00bb#FFFFFF\u00a0\u00bb link_text_color=\u00a0\u00bbgcid-4eb09ba6-d265-4159-be14-e9fdc71a5be3&Prime; header_2_font=\u00a0\u00bb|700|||||||\u00a0\u00bb header_2_text_color=\u00a0\u00bbgcid-4eb09ba6-d265-4159-be14-e9fdc71a5be3&Prime; header_2_font_size=\u00a0\u00bb22px\u00a0\u00bb custom_padding=\u00a0\u00bb35px|35px|35px|35px|false|true\u00a0\u00bb global_colors_info=\u00a0\u00bb{%22gcid-4eb09ba6-d265-4159-be14-e9fdc71a5be3%22:%91%22header_2_text_color%22,%22link_text_color%22%93}\u00a0\u00bb]<\/p>\n<h2>Aide aux enfants atteints de cancer<\/h2>\n<p>&nbsp;<\/p>\n<p>Don unique de Fr. 5&rsquo;000.- pour le groupe de parents d&rsquo;enfants atteints de cancer de Berne.<\/p>\n<p>Chaque ann\u00e9e, nous soutenons en plus l&rsquo;association avec environ Fr. 1&rsquo;500.- pour l&rsquo;achat de canards en caoutchouc.<\/p>\n<p>Ils sont utilis\u00e9s pour la course annuelle de canards en caoutchouc \u00e0 M\u00fcnsingen o\u00f9 ils peuvent g\u00e9n\u00e9rer une recette consid\u00e9rable de plus de 10&rsquo;000 francs gr\u00e2ce au soutien des nombreux participants.<\/p>\n<p>[\/et_pb_text][\/et_pb_column][\/et_pb_row][et_pb_row column_structure=\u00a0\u00bb1_2,1_2&Prime; make_equal=\u00a0\u00bbon\u00a0\u00bb _builder_version=\u00a0\u00bb4.18.0&Prime; _module_preset=\u00a0\u00bbdefault\u00a0\u00bb custom_margin=\u00a0\u00bb50px||||false|false\u00a0\u00bb custom_padding=\u00a0\u00bb||0px||false|false\u00a0\u00bb global_colors_info=\u00a0\u00bb{}\u00a0\u00bb][et_pb_column type=\u00a0\u00bb1_2&Prime; _builder_version=\u00a0\u00bb4.18.0&Prime; _module_preset=\u00a0\u00bbdefault\u00a0\u00bb background_color=\u00a0\u00bbRGBA(255,255,255,0)\u00a0\u00bb custom_css_main_element=\u00a0\u00bbborder-radius: 80px;||margin: auto;\u00a0\u00bb border_color_all=\u00a0\u00bbRGBA(255,255,255,0)\u00a0\u00bb global_colors_info=\u00a0\u00bb{}\u00a0\u00bb][et_pb_text _builder_version=\u00a0\u00bb4.17.4&Prime; _module_preset=\u00a0\u00bbdefault\u00a0\u00bb text_text_color=\u00a0\u00bb#FFFFFF\u00a0\u00bb link_text_color=\u00a0\u00bbgcid-4eb09ba6-d265-4159-be14-e9fdc71a5be3&Prime; header_2_font=\u00a0\u00bb|700|||||||\u00a0\u00bb header_2_text_color=\u00a0\u00bbgcid-4eb09ba6-d265-4159-be14-e9fdc71a5be3&Prime; background_color=\u00a0\u00bbgcid-99b5ded0-136a-4b60-9637-e7c0f9353ce1&Prime; custom_margin=\u00a0\u00bb||64px||false|false\u00a0\u00bb custom_padding=\u00a0\u00bb35px|35px|35px|35px|false|true\u00a0\u00bb custom_css_main_element=\u00a0\u00bbborder:none;\u00a0\u00bb border_radii=\u00a0\u00bbon|78px|78px|78px|78px\u00a0\u00bb global_colors_info=\u00a0\u00bb{%22gcid-4eb09ba6-d265-4159-be14-e9fdc71a5be3%22:%91%22header_2_text_color%22,%22link_text_color%22%93,%22gcid-99b5ded0-136a-4b60-9637-e7c0f9353ce1%22:%91%22background_color%22%93}\u00a0\u00bb]<\/p>\n<h2>Don pour Yohann<\/h2>\n<p>&nbsp;<\/p>\n<p>Nous avons soutenu notre petit invit\u00e9 Yohann parce qu&rsquo;il a d\u00fb subir une lourde et compliqu\u00e9e op\u00e9ration du dos aux Etats-Unis.<\/p>\n<p>Cette op\u00e9ration n&rsquo;a pas \u00e9t\u00e9 prise en charge par la caisse de maladie parce qu&rsquo;elle a \u00e9t\u00e9 effectu\u00e9e aux \u00c9tats-Unis.<\/p>\n<p>En Suisse, ils auraient pay\u00e9 une partie, mais il n&rsquo;y avait pas de m\u00e9decin qui aurait pu effectuer cette op\u00e9ration sans risque.<\/p>\n<p>Gr\u00e2ce \u00e0 cette op\u00e9ration r\u00e9ussie, il peut \u00e0 nouveau se d\u00e9fouler dans notre Funpark, fait d\u00e9j\u00e0 des pas de g\u00e9ant en marchant et n&rsquo;est pas confin\u00e9 \u00e0 un fauteuil roulant.<\/p>\n<p>[\/et_pb_text][\/et_pb_column][et_pb_column type=\u00a0\u00bb1_2&Prime; _builder_version=\u00a0\u00bb4.16.1&Prime; _module_preset=\u00a0\u00bbdefault\u00a0\u00bb background_color=\u00a0\u00bbRGBA(255,255,255,0)\u00a0\u00bb custom_css_main_element=\u00a0\u00bbborder-radius: 80px;\u00a0\u00bb border_color_all=\u00a0\u00bbRGBA(255,255,255,0)\u00a0\u00bb global_colors_info=\u00a0\u00bb{%22gcid-99b5ded0-136a-4b60-9637-e7c0f9353ce1%22:%91%22background_color%22%93}\u00a0\u00bb][et_pb_image src=\u00a0\u00bbhttps:\/\/beo-funpark.ch\/wp-content\/uploads\/2022\/06\/20171201_152417_resized.jpg\u00a0\u00bb title_text=\u00a0\u00bb20171201_152417_resized\u00a0\u00bb show_bottom_space=\u00a0\u00bboff\u00a0\u00bb _builder_version=\u00a0\u00bb4.17.4&Prime; _module_preset=\u00a0\u00bbdefault\u00a0\u00bb width=\u00a0\u00bb95%\u00a0\u00bb module_alignment=\u00a0\u00bbcenter\u00a0\u00bb border_radii=\u00a0\u00bbon|75px|75px|75px|75px\u00a0\u00bb global_colors_info=\u00a0\u00bb{}\u00a0\u00bb][\/et_pb_image][\/et_pb_column][\/et_pb_row][\/et_pb_section][et_pb_section fb_built=\u00a0\u00bb1&Prime; disabled_on=\u00a0\u00bboff|off|on\u00a0\u00bb admin_label=\u00a0\u00bbSektion BG Mobile\u00a0\u00bb _builder_version=\u00a0\u00bb4.18.0&Prime; _module_preset=\u00a0\u00bbdefault\u00a0\u00bb z_index=\u00a0\u00bb-1&Prime; custom_margin=\u00a0\u00bb||-196px||false|false\u00a0\u00bb custom_padding=\u00a0\u00bb0px|0px|0px|0px|false|false\u00a0\u00bb global_module=\u00a0\u00bb2492&Prime; saved_tabs=\u00a0\u00bball\u00a0\u00bb locked=\u00a0\u00bboff\u00a0\u00bb global_colors_info=\u00a0\u00bb{}\u00a0\u00bb][et_pb_row make_equal=\u00a0\u00bbon\u00a0\u00bb disabled_on=\u00a0\u00bboff|off|on\u00a0\u00bb _builder_version=\u00a0\u00bb4.18.0&Prime; _module_preset=\u00a0\u00bbdefault\u00a0\u00bb width=\u00a0\u00bb87%\u00a0\u00bb max_width=\u00a0\u00bb2560px\u00a0\u00bb module_alignment=\u00a0\u00bbcenter\u00a0\u00bb custom_margin=\u00a0\u00bb-75px|auto|-7px|0px|false|false\u00a0\u00bb custom_padding=\u00a0\u00bb64px||138px|0px|false|false\u00a0\u00bb locked=\u00a0\u00bboff\u00a0\u00bb global_colors_info=\u00a0\u00bb{}\u00a0\u00bb][et_pb_column type=\u00a0\u00bb4_4&Prime; _builder_version=\u00a0\u00bb4.18.0&Prime; _module_preset=\u00a0\u00bbdefault\u00a0\u00bb background_color=\u00a0\u00bbRGBA(255,255,255,0)\u00a0\u00bb custom_css_main_element=\u00a0\u00bbborder-radius: 80px;||margin: auto;\u00a0\u00bb border_color_all=\u00a0\u00bbRGBA(255,255,255,0)\u00a0\u00bb global_colors_info=\u00a0\u00bb{}\u00a0\u00bb][et_pb_code _builder_version=\u00a0\u00bb4.18.0&Prime; _module_preset=\u00a0\u00bbdefault\u00a0\u00bb global_colors_info=\u00a0\u00bb{}\u00a0\u00bb]<\/p>\n<ul class=\"scene\"><!-- [et_pb_line_break_holder] --> \t<\/p>\n<li style=\"list-style-type: none;\"><!-- [et_pb_line_break_holder] -->\n<ul class=\"scene\"><!-- [et_pb_line_break_holder] --><!-- [et_pb_line_break_holder] --> \t<\/p>\n<li><img decoding=\"async\" class=\"bgimg\" src=\"https:\/\/beo-funpark.ch\/wp-content\/uploads\/2022\/07\/HIntergrundMobile.png\"><\/li>\n<p><!-- [et_pb_line_break_holder] --><\/ul>\n<p><!-- [et_pb_line_break_holder] --><\/li>\n<p><!-- [et_pb_line_break_holder] --><\/ul>\n<p><!-- [et_pb_line_break_holder] --><!-- [et_pb_line_break_holder] --><!-- [et_pb_line_break_holder] -->[\/et_pb_code][\/et_pb_column][\/et_pb_row][\/et_pb_section]<\/p>\n","protected":false},"excerpt":{"rendered":"<p><div class=\"et_pb_module dsm_animated_gradient_text dsm_animated_gradient_text_0\">\n\t\t\t\t\n\t\t\t\t\n\t\t\t\t\n\t\t\t\t\n\t\t\t\t\n\t\t\t\t\n\t\t\t\t<div class=\"et_pb_module_inner\">\n\t\t\t\t\t<h1 class=\"dsm-animated-gradient-text et_pb_module_header\">Soutien \/ Dons<\/h1>\n\t\t\t\t<\/div>\n\t\t\t<\/div>Nous soutenons les enfants &nbsp; Ce qui nous tient \u00e0 c\u0153ur pour la r\u00e9alisation du BEO-Funpark, c&rsquo;est qu&rsquo;il ne soit pas seulement am\u00e9nag\u00e9 avec amour, de mani\u00e8re ludique et unique, mais [&hellip;]<\/p>\n","protected":false},"author":1,"featured_media":0,"parent":0,"menu_order":0,"comment_status":"closed","ping_status":"closed","template":"","meta":{"_et_pb_use_builder":"on","_et_pb_old_content":"","_et_gb_content_width":"","footnotes":""},"class_list":["post-4408","page","type-page","status-publish","hentry"],"yoast_head":"<!-- This site is optimized with the Yoast SEO plugin v27.4 - https:\/\/yoast.com\/product\/yoast-seo-wordpress\/ -->\n<title>Dons - BEO-Funpark<\/title>\n<meta name=\"description\" content=\"Notre objectif est de reverser une partie de chaque entr\u00e9e payante aux diff\u00e9rentes institutions pour enfants malades et handicap\u00e9s.\" \/>\n<meta name=\"robots\" content=\"index, follow, max-snippet:-1, max-image-preview:large, max-video-preview:-1\" \/>\n<link rel=\"canonical\" href=\"https:\/\/beo-funpark.ch\/fr\/spenden\/\" \/>\n<meta property=\"og:locale\" content=\"fr_FR\" \/>\n<meta property=\"og:type\" content=\"article\" \/>\n<meta property=\"og:title\" content=\"Dons - BEO-Funpark\" \/>\n<meta property=\"og:description\" content=\"Notre objectif est de reverser une partie de chaque entr\u00e9e payante aux diff\u00e9rentes institutions pour enfants malades et handicap\u00e9s.\" \/>\n<meta property=\"og:url\" content=\"https:\/\/beo-funpark.ch\/fr\/spenden\/\" \/>\n<meta property=\"og:site_name\" content=\"BEO-Funpark\" \/>\n<meta property=\"article:modified_time\" content=\"2023-08-30T13:40:01+00:00\" \/>\n<meta property=\"og:image\" content=\"https:\/\/beo-funpark.ch\/wp-content\/uploads\/2022\/07\/HIntergrundMobile.png\" \/>\n<meta name=\"twitter:card\" content=\"summary_large_image\" \/>\n<meta name=\"twitter:label1\" content=\"Dur\u00e9e de lecture estim\u00e9e\" \/>\n\t<meta name=\"twitter:data1\" content=\"7 minutes\" \/>\n<script type=\"application\/ld+json\" class=\"yoast-schema-graph\">{\"@context\":\"https:\\\/\\\/schema.org\",\"@graph\":[{\"@type\":\"WebPage\",\"@id\":\"https:\\\/\\\/beo-funpark.ch\\\/fr\\\/spenden\\\/\",\"url\":\"https:\\\/\\\/beo-funpark.ch\\\/fr\\\/spenden\\\/\",\"name\":\"Dons - BEO-Funpark\",\"isPartOf\":{\"@id\":\"https:\\\/\\\/beo-funpark.ch\\\/fr\\\/#website\"},\"primaryImageOfPage\":{\"@id\":\"https:\\\/\\\/beo-funpark.ch\\\/fr\\\/spenden\\\/#primaryimage\"},\"image\":{\"@id\":\"https:\\\/\\\/beo-funpark.ch\\\/fr\\\/spenden\\\/#primaryimage\"},\"thumbnailUrl\":\"https:\\\/\\\/beo-funpark.ch\\\/wp-content\\\/uploads\\\/2022\\\/07\\\/HIntergrundMobile.png\",\"datePublished\":\"2022-02-23T06:39:56+00:00\",\"dateModified\":\"2023-08-30T13:40:01+00:00\",\"description\":\"Notre objectif est de reverser une partie de chaque entr\u00e9e payante aux diff\u00e9rentes institutions pour enfants malades et handicap\u00e9s.\",\"breadcrumb\":{\"@id\":\"https:\\\/\\\/beo-funpark.ch\\\/fr\\\/spenden\\\/#breadcrumb\"},\"inLanguage\":\"fr-FR\",\"potentialAction\":[{\"@type\":\"ReadAction\",\"target\":[\"https:\\\/\\\/beo-funpark.ch\\\/fr\\\/spenden\\\/\"]}]},{\"@type\":\"ImageObject\",\"inLanguage\":\"fr-FR\",\"@id\":\"https:\\\/\\\/beo-funpark.ch\\\/fr\\\/spenden\\\/#primaryimage\",\"url\":\"https:\\\/\\\/beo-funpark.ch\\\/wp-content\\\/uploads\\\/2022\\\/07\\\/HIntergrundMobile.png\",\"contentUrl\":\"https:\\\/\\\/beo-funpark.ch\\\/wp-content\\\/uploads\\\/2022\\\/07\\\/HIntergrundMobile.png\"},{\"@type\":\"BreadcrumbList\",\"@id\":\"https:\\\/\\\/beo-funpark.ch\\\/fr\\\/spenden\\\/#breadcrumb\",\"itemListElement\":[{\"@type\":\"ListItem\",\"position\":1,\"name\":\"Startseite\",\"item\":\"https:\\\/\\\/beo-funpark.ch\\\/fr\\\/\"},{\"@type\":\"ListItem\",\"position\":2,\"name\":\"Dons\"}]},{\"@type\":\"WebSite\",\"@id\":\"https:\\\/\\\/beo-funpark.ch\\\/fr\\\/#website\",\"url\":\"https:\\\/\\\/beo-funpark.ch\\\/fr\\\/\",\"name\":\"BEO-Funpark\",\"description\":\"Spass f\u00fcr die ganze Familie\",\"potentialAction\":[{\"@type\":\"SearchAction\",\"target\":{\"@type\":\"EntryPoint\",\"urlTemplate\":\"https:\\\/\\\/beo-funpark.ch\\\/fr\\\/?s={search_term_string}\"},\"query-input\":{\"@type\":\"PropertyValueSpecification\",\"valueRequired\":true,\"valueName\":\"search_term_string\"}}],\"inLanguage\":\"fr-FR\"}]}<\/script>\n<!-- \/ Yoast SEO plugin. -->","yoast_head_json":{"title":"Dons - BEO-Funpark","description":"Notre objectif est de reverser une partie de chaque entr\u00e9e payante aux diff\u00e9rentes institutions pour enfants malades et handicap\u00e9s.","robots":{"index":"index","follow":"follow","max-snippet":"max-snippet:-1","max-image-preview":"max-image-preview:large","max-video-preview":"max-video-preview:-1"},"canonical":"https:\/\/beo-funpark.ch\/fr\/spenden\/","og_locale":"fr_FR","og_type":"article","og_title":"Dons - BEO-Funpark","og_description":"Notre objectif est de reverser une partie de chaque entr\u00e9e payante aux diff\u00e9rentes institutions pour enfants malades et handicap\u00e9s.","og_url":"https:\/\/beo-funpark.ch\/fr\/spenden\/","og_site_name":"BEO-Funpark","article_modified_time":"2023-08-30T13:40:01+00:00","og_image":[{"url":"https:\/\/beo-funpark.ch\/wp-content\/uploads\/2022\/07\/HIntergrundMobile.png","type":"","width":"","height":""}],"twitter_card":"summary_large_image","twitter_misc":{"Dur\u00e9e de lecture estim\u00e9e":"7 minutes"},"schema":{"@context":"https:\/\/schema.org","@graph":[{"@type":"WebPage","@id":"https:\/\/beo-funpark.ch\/fr\/spenden\/","url":"https:\/\/beo-funpark.ch\/fr\/spenden\/","name":"Dons - BEO-Funpark","isPartOf":{"@id":"https:\/\/beo-funpark.ch\/fr\/#website"},"primaryImageOfPage":{"@id":"https:\/\/beo-funpark.ch\/fr\/spenden\/#primaryimage"},"image":{"@id":"https:\/\/beo-funpark.ch\/fr\/spenden\/#primaryimage"},"thumbnailUrl":"https:\/\/beo-funpark.ch\/wp-content\/uploads\/2022\/07\/HIntergrundMobile.png","datePublished":"2022-02-23T06:39:56+00:00","dateModified":"2023-08-30T13:40:01+00:00","description":"Notre objectif est de reverser une partie de chaque entr\u00e9e payante aux diff\u00e9rentes institutions pour enfants malades et handicap\u00e9s.","breadcrumb":{"@id":"https:\/\/beo-funpark.ch\/fr\/spenden\/#breadcrumb"},"inLanguage":"fr-FR","potentialAction":[{"@type":"ReadAction","target":["https:\/\/beo-funpark.ch\/fr\/spenden\/"]}]},{"@type":"ImageObject","inLanguage":"fr-FR","@id":"https:\/\/beo-funpark.ch\/fr\/spenden\/#primaryimage","url":"https:\/\/beo-funpark.ch\/wp-content\/uploads\/2022\/07\/HIntergrundMobile.png","contentUrl":"https:\/\/beo-funpark.ch\/wp-content\/uploads\/2022\/07\/HIntergrundMobile.png"},{"@type":"BreadcrumbList","@id":"https:\/\/beo-funpark.ch\/fr\/spenden\/#breadcrumb","itemListElement":[{"@type":"ListItem","position":1,"name":"Startseite","item":"https:\/\/beo-funpark.ch\/fr\/"},{"@type":"ListItem","position":2,"name":"Dons"}]},{"@type":"WebSite","@id":"https:\/\/beo-funpark.ch\/fr\/#website","url":"https:\/\/beo-funpark.ch\/fr\/","name":"BEO-Funpark","description":"Spass f\u00fcr die ganze Familie","potentialAction":[{"@type":"SearchAction","target":{"@type":"EntryPoint","urlTemplate":"https:\/\/beo-funpark.ch\/fr\/?s={search_term_string}"},"query-input":{"@type":"PropertyValueSpecification","valueRequired":true,"valueName":"search_term_string"}}],"inLanguage":"fr-FR"}]}},"_links":{"self":[{"href":"https:\/\/beo-funpark.ch\/fr\/wp-json\/wp\/v2\/pages\/4408","targetHints":{"allow":["GET"]}}],"collection":[{"href":"https:\/\/beo-funpark.ch\/fr\/wp-json\/wp\/v2\/pages"}],"about":[{"href":"https:\/\/beo-funpark.ch\/fr\/wp-json\/wp\/v2\/types\/page"}],"author":[{"embeddable":true,"href":"https:\/\/beo-funpark.ch\/fr\/wp-json\/wp\/v2\/users\/1"}],"replies":[{"embeddable":true,"href":"https:\/\/beo-funpark.ch\/fr\/wp-json\/wp\/v2\/comments?post=4408"}],"version-history":[{"count":3,"href":"https:\/\/beo-funpark.ch\/fr\/wp-json\/wp\/v2\/pages\/4408\/revisions"}],"predecessor-version":[{"id":7299,"href":"https:\/\/beo-funpark.ch\/fr\/wp-json\/wp\/v2\/pages\/4408\/revisions\/7299"}],"wp:attachment":[{"href":"https:\/\/beo-funpark.ch\/fr\/wp-json\/wp\/v2\/media?parent=4408"}],"curies":[{"name":"wp","href":"https:\/\/api.w.org\/{rel}","templated":true}]}}